{"id":12948,"date":"2022-07-27T11:59:22","date_gmt":"2022-07-27T11:59:22","guid":{"rendered":"https:\/\/www.moovance.fr\/privacy-policy\/"},"modified":"2025-04-09T16:30:04","modified_gmt":"2025-04-09T16:30:04","slug":"privacy-policy","status":"publish","type":"page","link":"https:\/\/www.moovance.fr\/en\/privacy-policy\/","title":{"rendered":"Privacy policy"},"content":{"rendered":"\t\t<div data-elementor-type=\"wp-page\" data-elementor-id=\"12948\" class=\"elementor elementor-12948 elementor-1237\" data-elementor-post-type=\"page\">\n\t\t\t\t\t\t<section class=\"elementor-section elementor-top-section elementor-element elementor-element-2ca9fb2 elementor-section-boxed elementor-section-height-default elementor-section-height-default\" data-id=\"2ca9fb2\" data-element_type=\"section\" data-e-type=\"section\" data-settings=\"{&quot;background_background&quot;:&quot;classic&quot;}\">\n\t\t\t\t\t\t<div class=\"elementor-container elementor-column-gap-default\">\n\t\t\t\t\t<div class=\"elementor-column elementor-col-100 elementor-top-column elementor-element elementor-element-0700c4a\" data-id=\"0700c4a\" data-element_type=\"column\" data-e-type=\"column\">\n\t\t\t<div class=\"elementor-widget-wrap elementor-element-populated\">\n\t\t\t\t\t\t<section class=\"elementor-section elementor-inner-section elementor-element elementor-element-b658cf3 elementor-section-boxed elementor-section-height-default elementor-section-height-default elementor-invisible\" data-id=\"b658cf3\" data-element_type=\"section\" data-e-type=\"section\" data-settings=\"{&quot;animation&quot;:&quot;fadeInUp&quot;}\">\n\t\t\t\t\t\t<div class=\"elementor-container elementor-column-gap-default\">\n\t\t\t\t\t<div class=\"elementor-column elementor-col-50 elementor-inner-column elementor-element elementor-element-5b9925d\" data-id=\"5b9925d\" data-element_type=\"column\" data-e-type=\"column\">\n\t\t\t<div class=\"elementor-widget-wrap elementor-element-populated\">\n\t\t\t\t\t\t<div class=\"elementor-element elementor-element-61bf2d1 elementor-widget-mobile__width-initial elementor-widget elementor-widget-heading\" data-id=\"61bf2d1\" data-element_type=\"widget\" data-e-type=\"widget\" data-widget_type=\"heading.default\">\n\t\t\t\t<div class=\"elementor-widget-container\">\n\t\t\t\t\t<h4 class=\"elementor-heading-title elementor-size-default\"><span style=\"color: #419B9C\">Privacy<\/span> policy<\/h4>\t\t\t\t<\/div>\n\t\t\t\t<\/div>\n\t\t\t\t\t<\/div>\n\t\t<\/div>\n\t\t\t\t<div class=\"elementor-column elementor-col-50 elementor-inner-column elementor-element elementor-element-0b7c188\" data-id=\"0b7c188\" data-element_type=\"column\" data-e-type=\"column\">\n\t\t\t<div class=\"elementor-widget-wrap elementor-element-populated\">\n\t\t\t\t\t\t<div class=\"elementor-element elementor-element-408dc0c elementor-widget elementor-widget-image\" data-id=\"408dc0c\" data-element_type=\"widget\" data-e-type=\"widget\" data-widget_type=\"image.default\">\n\t\t\t\t<div class=\"elementor-widget-container\">\n\t\t\t\t\t\t\t\t\t\t\t\t\t\t\t<img decoding=\"async\" width=\"52\" height=\"52\" src=\"https:\/\/www.moovance.fr\/wp-content\/uploads\/2024\/10\/image-35.png\" class=\"attachment-large size-large wp-image-7998\" alt=\"\" \/>\t\t\t\t\t\t\t\t\t\t\t\t\t\t\t<\/div>\n\t\t\t\t<\/div>\n\t\t\t\t\t<\/div>\n\t\t<\/div>\n\t\t\t\t\t<\/div>\n\t\t<\/section>\n\t\t\t\t\t<\/div>\n\t\t<\/div>\n\t\t\t\t\t<\/div>\n\t\t<\/section>\n\t\t\t\t<section class=\"elementor-section elementor-top-section elementor-element elementor-element-7028d1da elementor-section-boxed elementor-section-height-default elementor-section-height-default\" data-id=\"7028d1da\" data-element_type=\"section\" data-e-type=\"section\" data-settings=\"{&quot;background_background&quot;:&quot;classic&quot;}\">\n\t\t\t\t\t\t<div class=\"elementor-container elementor-column-gap-default\">\n\t\t\t\t\t<div class=\"elementor-column elementor-col-100 elementor-top-column elementor-element elementor-element-24f594c\" data-id=\"24f594c\" data-element_type=\"column\" data-e-type=\"column\">\n\t\t\t<div class=\"elementor-widget-wrap elementor-element-populated\">\n\t\t\t\t\t\t<div class=\"elementor-element elementor-element-2878062 elementor-widget elementor-widget-heading\" data-id=\"2878062\" data-element_type=\"widget\" data-e-type=\"widget\" data-widget_type=\"heading.default\">\n\t\t\t\t<div class=\"elementor-widget-container\">\n\t\t\t\t\t<h2 class=\"elementor-heading-title elementor-size-default\">The Moovance application is available as a free download.<\/h2>\t\t\t\t<\/div>\n\t\t\t\t<\/div>\n\t\t\t\t<div class=\"elementor-element elementor-element-404ae4bb elementor-widget elementor-widget-text-editor\" data-id=\"404ae4bb\" data-element_type=\"widget\" data-e-type=\"widget\" data-widget_type=\"text-editor.default\">\n\t\t\t\t<div class=\"elementor-widget-container\">\n\t\t\t\t\t\t\t\t\t<p><br \/><span style=\"text-decoration: underline;\">It has two objectives:<\/span><\/p><ul><li>Advising users to help them reduce the environmental impact of their mobility<\/li><li>Offer services and products in line with this approach<\/li><\/ul><p>To this end, the application collects GPS data, with the user&#8217;s prior authorization, only when he or she is on the move. This data is used to estimate CO2 emissions for each journey, based on the user&#8217;s actual speed, acceleration and altitude profile, and mode of transport&#8230;.<\/p>\t\t\t\t\t\t\t\t<\/div>\n\t\t\t\t<\/div>\n\t\t\t\t<div class=\"elementor-element elementor-element-04a8b34 elementor-widget elementor-widget-heading\" data-id=\"04a8b34\" data-element_type=\"widget\" data-e-type=\"widget\" data-widget_type=\"heading.default\">\n\t\t\t\t<div class=\"elementor-widget-container\">\n\t\t\t\t\t<h2 class=\"elementor-heading-title elementor-size-default\">Processing of your Personal Data<\/h2>\t\t\t\t<\/div>\n\t\t\t\t<\/div>\n\t\t\t\t<div class=\"elementor-element elementor-element-63050e6 elementor-widget elementor-widget-text-editor\" data-id=\"63050e6\" data-element_type=\"widget\" data-e-type=\"widget\" data-widget_type=\"text-editor.default\">\n\t\t\t\t<div class=\"elementor-widget-container\">\n\t\t\t\t\t\t\t\t\t<p>Your Personal Data is processed by Moovance SAS (hereinafter referred to as &#8220;we&#8221;, &#8220;us&#8221; or &#8220;our&#8221;).<\/p><p><strong>Moovance SAS<\/strong><br \/>229 rue St Honor\u00e9, <br \/>75001 Paris<br \/><br \/>Immatricul\u00e9e au registre du commerce et des soci\u00e9t\u00e9s de Nanterre sous le SIRET : <strong>90292172500013<\/strong> <br \/><br \/>No data is transferred outside the European Union. Moovance&#8217;s services and data storage are carried out on Google Cloud in Frankfurt, Germany.<\/p>\t\t\t\t\t\t\t\t<\/div>\n\t\t\t\t<\/div>\n\t\t\t\t<div class=\"elementor-element elementor-element-43b57be elementor-widget elementor-widget-heading\" data-id=\"43b57be\" data-element_type=\"widget\" data-e-type=\"widget\" data-widget_type=\"heading.default\">\n\t\t\t\t<div class=\"elementor-widget-container\">\n\t\t\t\t\t<h2 class=\"elementor-heading-title elementor-size-default\">What types of Personal Data do we process?<\/h2>\t\t\t\t<\/div>\n\t\t\t\t<\/div>\n\t\t\t\t<div class=\"elementor-element elementor-element-b228c97 elementor-widget elementor-widget-text-editor\" data-id=\"b228c97\" data-element_type=\"widget\" data-e-type=\"widget\" data-widget_type=\"text-editor.default\">\n\t\t\t\t<div class=\"elementor-widget-container\">\n\t\t\t\t\t\t\t\t\t<p>We do not collect any sensitive data concerning Users, such as racial or ethnic origins, political, philosophical or religious opinions, as well as any data relating to trade union membership or sex life.<\/p><p>When you use our Mobile Application, you may be asked to provide us with information, some of which may identify you (&#8220;Personal Data&#8221;). This is notably the case when you fill in forms (such as the registration form), when you contact us &#8211; by e-mail or any other means of communication &#8211; or when you inform us of a problem.<\/p><p>The Personal Data we process includes the following personal information:<\/p><ul><li>User name,<\/li><li>E-mail address,<\/li><li>Your vehicle model,<\/li><li>Your GPS data during a motorized journey (car, motorcycle, bus, train, plane, public transport) and green mobility (bike, scooter, foot),<\/li><li>The number of steps performed every day.<\/li><\/ul><div>\u00a0<\/div><p>To detect and analyze a user&#8217;s movements, the application uses your location in the background. The application analyzes speed and displacement to calculate driving indicators and mode of transport. In addition, we process Personal Data concerning your driving habits and your use of the services, such as :<\/p><ul><li><span style=\"text-decoration: underline;\">Driving score<\/span>: calculated from acceleration\/braking events detected during your motorized journeys (information from our telematics partner),\u00a0<\/li><li><span style=\"text-decoration: underline;\">Vehicle Co2<\/span>: calculated on the basis of your vehicle&#8217;s technical specifications,<\/li><li>The amount of effort produced to perform the trip,\u00a0<\/li><li>Driving tips given to you after your trip,<\/li><li>Your participation in one or more mobility challenges,<\/li><\/ul>\t\t\t\t\t\t\t\t<\/div>\n\t\t\t\t<\/div>\n\t\t\t\t<div class=\"elementor-element elementor-element-c0021d0 elementor-widget elementor-widget-heading\" data-id=\"c0021d0\" data-element_type=\"widget\" data-e-type=\"widget\" data-widget_type=\"heading.default\">\n\t\t\t\t<div class=\"elementor-widget-container\">\n\t\t\t\t\t<h2 class=\"elementor-heading-title elementor-size-default\">  For what purposes will your Personal Data be processed?<\/h2>\t\t\t\t<\/div>\n\t\t\t\t<\/div>\n\t\t\t\t<div class=\"elementor-element elementor-element-69fd8de elementor-widget elementor-widget-text-editor\" data-id=\"69fd8de\" data-element_type=\"widget\" data-e-type=\"widget\" data-widget_type=\"text-editor.default\">\n\t\t\t\t<div class=\"elementor-widget-container\">\n\t\t\t\t\t\t\t\t\t<p>By sharing your Personal Data with Moovance (data controller), you will be able to :<\/p>\n<p><\/p>\n<ul>\n<li>Register and access the mobile application<\/li>\n<li>Benefit from mobility-oriented services<\/li>\n<li>Access challenges and rewards that can be organized on the application<\/li>\n<\/ul>\t\t\t\t\t\t\t\t<\/div>\n\t\t\t\t<\/div>\n\t\t\t\t<div class=\"elementor-element elementor-element-ad9f49f elementor-widget elementor-widget-heading\" data-id=\"ad9f49f\" data-element_type=\"widget\" data-e-type=\"widget\" data-widget_type=\"heading.default\">\n\t\t\t\t<div class=\"elementor-widget-container\">\n\t\t\t\t\t<h2 class=\"elementor-heading-title elementor-size-default\">How long do we keep your Personal Data?<\/h2>\t\t\t\t<\/div>\n\t\t\t\t<\/div>\n\t\t\t\t<div class=\"elementor-element elementor-element-deb1a73 elementor-widget elementor-widget-text-editor\" data-id=\"deb1a73\" data-element_type=\"widget\" data-e-type=\"widget\" data-widget_type=\"text-editor.default\">\n\t\t\t\t<div class=\"elementor-widget-container\">\n\t\t\t\t\t\t\t\t\t<p><\/p>\n<p>In the absence of an express request to the contrary, your Personal Data will be kept until the manual deletion of the account within 3 months.<\/p>\t\t\t\t\t\t\t\t<\/div>\n\t\t\t\t<\/div>\n\t\t\t\t<div class=\"elementor-element elementor-element-156554e elementor-widget elementor-widget-heading\" data-id=\"156554e\" data-element_type=\"widget\" data-e-type=\"widget\" data-widget_type=\"heading.default\">\n\t\t\t\t<div class=\"elementor-widget-container\">\n\t\t\t\t\t<h2 class=\"elementor-heading-title elementor-size-default\">Legal compliance and safety<\/h2>\t\t\t\t<\/div>\n\t\t\t\t<\/div>\n\t\t\t\t<div class=\"elementor-element elementor-element-48c6872 elementor-widget elementor-widget-text-editor\" data-id=\"48c6872\" data-element_type=\"widget\" data-e-type=\"widget\" data-widget_type=\"text-editor.default\">\n\t\t\t\t<div class=\"elementor-widget-container\">\n\t\t\t\t\t\t\t\t\t<p>We may be required &#8211; by law, legal process, litigation and\/or a request from public or governmental authorities in or outside your country of residence &#8211; to disclose your Personal Data. We may also be required to disclose your Personal Data if we are obliged to do so for national security purposes, to maintain public order or for other matters of general interest, where such disclosure is necessary and appropriate. Where permitted by law, we will give you advance notice of the transfer of your data.  <\/p>\n<p><\/p>\n<p><br>We may also disclose personal information if we believe, in good faith, that such disclosure is reasonably necessary to protect our rights and remedies, enforce our terms and conditions, investigate fraud, or protect our operations or users.<\/p>\n<p><\/p>\n<p class=\"has-medium-font-size\"><strong>What are your rights?<\/strong><\/p>\n<p><\/p>\n<p>In the context of the above-mentioned processing operations, you have the right to request access to your Personal Data in a standard structured format, the modification of your data and its deletion. In addition, you have the right to object to the processing of your Personal Data or to request the restriction of such processing. <br><br>In all cases, you also have the right to lodge a complaint with the competent data protection authority.<\/p>\t\t\t\t\t\t\t\t<\/div>\n\t\t\t\t<\/div>\n\t\t\t\t<div class=\"elementor-element elementor-element-a16d09c elementor-widget elementor-widget-heading\" data-id=\"a16d09c\" data-element_type=\"widget\" data-e-type=\"widget\" data-widget_type=\"heading.default\">\n\t\t\t\t<div class=\"elementor-widget-container\">\n\t\t\t\t\t<h2 class=\"elementor-heading-title elementor-size-default\">Changes to our Privacy Policy<\/h2>\t\t\t\t<\/div>\n\t\t\t\t<\/div>\n\t\t\t\t<div class=\"elementor-element elementor-element-940afe4 elementor-widget elementor-widget-text-editor\" data-id=\"940afe4\" data-element_type=\"widget\" data-e-type=\"widget\" data-widget_type=\"text-editor.default\">\n\t\t\t\t<div class=\"elementor-widget-container\">\n\t\t\t\t\t\t\t\t\t<p>We may modify our Privacy Policy from time to time, in accordance with our legal obligations. Please check this page regularly for any changes or updates. <\/p>\n\t\t\t\t\t\t\t\t<\/div>\n\t\t\t\t<\/div>\n\t\t\t\t<div class=\"elementor-element elementor-element-238d1ca elementor-widget elementor-widget-heading\" data-id=\"238d1ca\" data-element_type=\"widget\" data-e-type=\"widget\" data-widget_type=\"heading.default\">\n\t\t\t\t<div class=\"elementor-widget-container\">\n\t\t\t\t\t<h2 class=\"elementor-heading-title elementor-size-default\">Contact<\/h2>\t\t\t\t<\/div>\n\t\t\t\t<\/div>\n\t\t\t\t<div class=\"elementor-element elementor-element-f6064a4 elementor-widget elementor-widget-text-editor\" data-id=\"f6064a4\" data-element_type=\"widget\" data-e-type=\"widget\" data-widget_type=\"text-editor.default\">\n\t\t\t\t<div class=\"elementor-widget-container\">\n\t\t\t\t\t\t\t\t\t<p>You can contact us if you have any questions about our Privacy Policy or your Personal Data:<br>&#8211; By e-mail at the following address: <strong><a class=\"link-p\" href=\"mailto:contact@moovance.fr\">contact@moovance.fr<\/a><\/strong><\/p>\n<p><\/p>\t\t\t\t\t\t\t\t<\/div>\n\t\t\t\t<\/div>\n\t\t\t\t\t<\/div>\n\t\t<\/div>\n\t\t\t\t\t<\/div>\n\t\t<\/section>\n\t\t\t\t<\/div>\n\t\t","protected":false},"excerpt":{"rendered":"<p>Privacy policy The Moovance application is available as a free download. It has two objectives: Advising users to help them reduce the environmental impact of their mobility Offer services and products in line with this approach To this end, the application collects GPS data, with the user&#8217;s prior authorization, only when he or she is [&hellip;]<\/p>\n","protected":false},"author":5,"featured_media":0,"parent":0,"menu_order":0,"comment_status":"closed","ping_status":"closed","template":"elementor_header_footer","meta":{"footnotes":""},"class_list":["post-12948","page","type-page","status-publish","hentry"],"acf":[],"_links":{"self":[{"href":"https:\/\/www.moovance.fr\/en\/wp-json\/wp\/v2\/pages\/12948","targetHints":{"allow":["GET"]}}],"collection":[{"href":"https:\/\/www.moovance.fr\/en\/wp-json\/wp\/v2\/pages"}],"about":[{"href":"https:\/\/www.moovance.fr\/en\/wp-json\/wp\/v2\/types\/page"}],"author":[{"embeddable":true,"href":"https:\/\/www.moovance.fr\/en\/wp-json\/wp\/v2\/users\/5"}],"replies":[{"embeddable":true,"href":"https:\/\/www.moovance.fr\/en\/wp-json\/wp\/v2\/comments?post=12948"}],"version-history":[{"count":0,"href":"https:\/\/www.moovance.fr\/en\/wp-json\/wp\/v2\/pages\/12948\/revisions"}],"wp:attachment":[{"href":"https:\/\/www.moovance.fr\/en\/wp-json\/wp\/v2\/media?parent=12948"}],"curies":[{"name":"wp","href":"https:\/\/api.w.org\/{rel}","templated":true}]}}